{"id":2,"date":"2015-11-14T16:11:29","date_gmt":"2015-11-14T16:11:29","guid":{"rendered":"http:\/\/fussball-in-irland.eu\/?page_id=2"},"modified":"2015-11-28T14:12:23","modified_gmt":"2015-11-28T14:12:23","slug":"sample-page","status":"publish","type":"page","link":"https:\/\/fussball-in-irland.eu\/","title":{"rendered":"Herzlich Willkommen"},"content":{"rendered":"<figure id=\"attachment_17\" aria-describedby=\"caption-attachment-17\" style=\"width: 660px\" class=\"wp-caption aligncenter\"><a href=\"https:\/\/fussball-in-irland.eu\/wp-content\/uploads\/2015\/11\/ccfc-fans-cup-final-2015.jpg\"><img loading=\"lazy\" decoding=\"async\" class=\"wp-image-17 size-large\" src=\"https:\/\/fussball-in-irland.eu\/wp-content\/uploads\/2015\/11\/ccfc-fans-cup-final-2015-1024x333.jpg\" alt=\"ccfc-fans-cup-final-2015\" width=\"660\" height=\"215\" srcset=\"https:\/\/fussball-in-irland.eu\/wp-content\/uploads\/2015\/11\/ccfc-fans-cup-final-2015-1024x333.jpg 1024w, https:\/\/fussball-in-irland.eu\/wp-content\/uploads\/2015\/11\/ccfc-fans-cup-final-2015-300x98.jpg 300w, https:\/\/fussball-in-irland.eu\/wp-content\/uploads\/2015\/11\/ccfc-fans-cup-final-2015.jpg 2028w\" sizes=\"auto, (max-width: 660px) 100vw, 660px\" \/><\/a><figcaption id=\"caption-attachment-17\" class=\"wp-caption-text\">Cork City-Fans im Aviva-Stadion vor dem Pokalfinale 2015<\/figcaption><\/figure>\n<p>Diese Seite widmet sich dem irischen Fu\u00dfball, insbesondere der League of Ireland und den nationalen Pokalwettbewerben. Auch die irische Nationalmannschaft wird hier ab und zu Thema sein.<\/p>\n<p>Warum nun eine deutschsprachige Seite \u00fcber irischen Fu\u00dfball? Die Antwort ist simpel: Weil ich als Deutscher in Irland lebe und mich f\u00fcr Fu\u00dfball interessiere, und weil es meines Wissens bisher keine deutschsprachige Seite zum irischen Fu\u00dfball gibt.<\/p>\n<p>Da ich in Cork lebe, ist mein favorisierter Verein Cork City FC, bei dessen Heimspielen ich auch regelm\u00e4\u00dfig im Stadion bin. Hin und wieder wird man das wohl auch aus meinen Beitr\u00e4gen hier herauslesen k\u00f6nnen.<\/p>\n","protected":false},"excerpt":{"rendered":"<p>Diese Seite widmet sich dem irischen Fu\u00dfball, insbesondere der League of Ireland und den nationalen Pokalwettbewerben. Auch die irische Nationalmannschaft wird hier ab und zu Thema sein. Warum nun eine deutschsprachige Seite \u00fcber irischen Fu\u00dfball? Die Antwort ist simpel: Weil ich als Deutscher in Irland lebe und mich f\u00fcr Fu\u00dfball interessiere, und weil es meines &hellip; <a href=\"https:\/\/fussball-in-irland.eu\/\" class=\"more-link\"><span class=\"screen-reader-text\">Herzlich Willkommen<\/span> weiterlesen<\/a><\/p>\n","protected":false},"author":1,"featured_media":0,"parent":0,"menu_order":0,"comment_status":"closed","ping_status":"open","template":"","meta":{"footnotes":""},"class_list":["post-2","page","type-page","status-publish","hentry"],"_links":{"self":[{"href":"https:\/\/fussball-in-irland.eu\/index.php\/wp-json\/wp\/v2\/pages\/2","targetHints":{"allow":["GET"]}}],"collection":[{"href":"https:\/\/fussball-in-irland.eu\/index.php\/wp-json\/wp\/v2\/pages"}],"about":[{"href":"https:\/\/fussball-in-irland.eu\/index.php\/wp-json\/wp\/v2\/types\/page"}],"author":[{"embeddable":true,"href":"https:\/\/fussball-in-irland.eu\/index.php\/wp-json\/wp\/v2\/users\/1"}],"replies":[{"embeddable":true,"href":"https:\/\/fussball-in-irland.eu\/index.php\/wp-json\/wp\/v2\/comments?post=2"}],"version-history":[{"count":5,"href":"https:\/\/fussball-in-irland.eu\/index.php\/wp-json\/wp\/v2\/pages\/2\/revisions"}],"predecessor-version":[{"id":4214,"href":"https:\/\/fussball-in-irland.eu\/index.php\/wp-json\/wp\/v2\/pages\/2\/revisions\/4214"}],"wp:attachment":[{"href":"https:\/\/fussball-in-irland.eu\/index.php\/wp-json\/wp\/v2\/media?parent=2"}],"curies":[{"name":"wp","href":"https:\/\/api.w.org\/{rel}","templated":true}]}}