{"id":30,"date":"2015-11-30T20:22:28","date_gmt":"2015-11-30T20:22:28","guid":{"rendered":"http:\/\/fussball-in-irland.eu\/?page_id=30"},"modified":"2018-09-05T13:20:56","modified_gmt":"2018-09-05T13:20:56","slug":"kontakt","status":"publish","type":"page","link":"https:\/\/fussball-in-irland.eu\/index.php\/kontakt\/","title":{"rendered":"Kontakt"},"content":{"rendered":"<p>Wer mich kontaktieren m\u00f6chte, schreibe bitte eine E-Mail an:<br \/>\n<a href=\"mailto:blw@fussball-in-irland.eu\">blw@fussball-in-irland.eu<\/a><\/p>\n<p>Blogbeitr\u00e4ge d\u00fcrfen nat\u00fcrlich auch gerne kommentiert werden.<\/p>\n<p>&nbsp;<\/p>\n","protected":false},"excerpt":{"rendered":"<p>Wer mich kontaktieren m\u00f6chte, schreibe bitte eine E-Mail an: blw@fussball-in-irland.eu Blogbeitr\u00e4ge d\u00fcrfen nat\u00fcrlich auch gerne kommentiert werden. &nbsp;<\/p>\n","protected":false},"author":1,"featured_media":0,"parent":0,"menu_order":0,"comment_status":"closed","ping_status":"closed","template":"","meta":{"footnotes":""},"class_list":["post-30","page","type-page","status-publish","hentry"],"_links":{"self":[{"href":"https:\/\/fussball-in-irland.eu\/index.php\/wp-json\/wp\/v2\/pages\/30","targetHints":{"allow":["GET"]}}],"collection":[{"href":"https:\/\/fussball-in-irland.eu\/index.php\/wp-json\/wp\/v2\/pages"}],"about":[{"href":"https:\/\/fussball-in-irland.eu\/index.php\/wp-json\/wp\/v2\/types\/page"}],"author":[{"embeddable":true,"href":"https:\/\/fussball-in-irland.eu\/index.php\/wp-json\/wp\/v2\/users\/1"}],"replies":[{"embeddable":true,"href":"https:\/\/fussball-in-irland.eu\/index.php\/wp-json\/wp\/v2\/comments?post=30"}],"version-history":[{"count":3,"href":"https:\/\/fussball-in-irland.eu\/index.php\/wp-json\/wp\/v2\/pages\/30\/revisions"}],"predecessor-version":[{"id":1833,"href":"https:\/\/fussball-in-irland.eu\/index.php\/wp-json\/wp\/v2\/pages\/30\/revisions\/1833"}],"wp:attachment":[{"href":"https:\/\/fussball-in-irland.eu\/index.php\/wp-json\/wp\/v2\/media?parent=30"}],"curies":[{"name":"wp","href":"https:\/\/api.w.org\/{rel}","templated":true}]}}